{"id":340,"date":"2025-05-30T18:14:51","date_gmt":"2025-05-30T18:14:51","guid":{"rendered":"https:\/\/admirar.it\/?page_id=340"},"modified":"2025-07-31T06:16:57","modified_gmt":"2025-07-31T06:16:57","slug":"innovazione-e-sostenibilita","status":"publish","type":"page","link":"https:\/\/admirar.it\/en\/innovazione-e-sostenibilita\/","title":{"rendered":"INNOVAZIONE E SOSTENIBILITA&#8217;"},"content":{"rendered":"<div data-elementor-type=\"wp-page\" data-elementor-id=\"340\" class=\"elementor elementor-340\" data-elementor-post-type=\"page\">\n\t\t\t\t\t\t<section class=\"elementor-section elementor-top-section elementor-element elementor-element-b417e6d elementor-section-content-middle elementor-section-height-min-height elementor-section-boxed elementor-section-height-default elementor-section-items-middle\" data-id=\"b417e6d\" data-element_type=\"section\" data-e-type=\"section\" data-settings=\"{&quot;background_background&quot;:&quot;classic&quot;}\">\n\t\t\t\t\t\t\t<div class=\"elementor-background-overlay\"><\/div>\n\t\t\t\t\t\t\t<div class=\"elementor-container elementor-column-gap-narrow\">\n\t\t\t\t\t<div class=\"elementor-column elementor-col-100 elementor-top-column elementor-element elementor-element-f8756ff\" data-id=\"f8756ff\" data-element_type=\"column\" data-e-type=\"column\">\n\t\t\t<div class=\"elementor-widget-wrap elementor-element-populated\">\n\t\t\t\t\t\t<section class=\"elementor-section elementor-inner-section elementor-element elementor-element-d735253 elementor-section-boxed elementor-section-height-default elementor-section-height-default\" data-id=\"d735253\" data-element_type=\"section\" data-e-type=\"section\">\n\t\t\t\t\t\t<div class=\"elementor-container elementor-column-gap-default\">\n\t\t\t\t\t<div class=\"elementor-column elementor-col-100 elementor-inner-column elementor-element elementor-element-d1c3eff\" data-id=\"d1c3eff\" data-element_type=\"column\" data-e-type=\"column\">\n\t\t\t<div class=\"elementor-widget-wrap elementor-element-populated\">\n\t\t\t\t\t\t<div class=\"elementor-element elementor-element-999e6f7 elementor-widget__width-initial elementor-invisible elementor-widget elementor-widget-heading\" data-id=\"999e6f7\" data-element_type=\"widget\" data-e-type=\"widget\" data-settings=\"{&quot;_animation&quot;:&quot;fadeIn&quot;}\" data-widget_type=\"heading.default\">\n\t\t\t\t<div class=\"elementor-widget-container\">\n\t\t\t\t\t<h2 class=\"elementor-heading-title elementor-size-default\">LA PUBBLICIT\u00c0 CHE FA BENE AI BRAND E ALLA CITT\u00c0:<br>EFFICACE, SOSTENIBILE, D'IMPATTO ED ELEGANTE!<\/h2>\t\t\t\t<\/div>\n\t\t\t\t<\/div>\n\t\t\t\t<div class=\"elementor-element elementor-element-dd3a2b2 elementor-widget elementor-widget-heading\" data-id=\"dd3a2b2\" data-element_type=\"widget\" data-e-type=\"widget\" data-widget_type=\"heading.default\">\n\t\t\t\t<div class=\"elementor-widget-container\">\n\t\t\t\t\t<h3 class=\"elementor-heading-title elementor-size-default\">In un'epoca in cui la sostenibilit\u00e0 ambientale \u00e8 fondamentale e le aziende attribuiscono grande importanza ai principi ESG (Environmental, Social, and Governance), il digital signage emerge come un faro di speranza. Elimina gli sprechi di carta, e plasma strategie di branding eco-consapevoli.\nRidurre i materiali pubblicitari cartacei, limitando l\u2019uso della carta, degli inchiostri e di altri supporti fisici, significa ridurre l'impatto ambientale. Con il Digital Out of Home vengono eliminati i processi di produzione, distribuzione e smaltimento della cartellonistica tradizionale. Inoltre, anche se illuminati, i dispositivi LED hanno un basso consumo energetico. Il DOOH Advertising si distingue come una soluzione aziendale pratica ed ecologica per migliorare l'immagine del proprio marchio.I dispositivi Totem Led, rispetto ai tradizionali cartelloni cartacei o plastificati, non producono rifiuti. I loro contenuti pubblicitari ed editoriali, esclusivamente digitali, possono essere eliminati con un clic, senza causare alcun danno al nostro pianeta.<\/h3>\t\t\t\t<\/div>\n\t\t\t\t<\/div>\n\t\t\t\t\t<\/div>\n\t\t<\/div>\n\t\t\t\t\t<\/div>\n\t\t<\/section>\n\t\t\t\t\t<\/div>\n\t\t<\/div>\n\t\t\t\t\t<\/div>\n\t\t<\/section>\n\t\t\t\t<\/div>","protected":false},"excerpt":{"rendered":"<p>LA PUBBLICIT\u00c0 CHE FA BENE AI BRAND E ALLA CITT\u00c0:EFFICACE, SOSTENIBILE, D&#8217;IMPATTO ED ELEGANTE! In un&#8217;epoca in cui la sostenibilit\u00e0 ambientale \u00e8 fondamentale e le aziende attribuiscono grande importanza ai principi ESG (Environmental, Social, and Governance), il digital signage emerge come un faro di speranza. Elimina gli sprechi di carta, e plasma strategie di branding [&hellip;]<\/p>","protected":false},"author":2,"featured_media":510,"parent":0,"menu_order":0,"comment_status":"closed","ping_status":"closed","template":"","meta":{"footnotes":""},"class_list":["post-340","page","type-page","status-publish","has-post-thumbnail","hentry"],"_links":{"self":[{"href":"https:\/\/admirar.it\/en\/wp-json\/wp\/v2\/pages\/340","targetHints":{"allow":["GET"]}}],"collection":[{"href":"https:\/\/admirar.it\/en\/wp-json\/wp\/v2\/pages"}],"about":[{"href":"https:\/\/admirar.it\/en\/wp-json\/wp\/v2\/types\/page"}],"author":[{"embeddable":true,"href":"https:\/\/admirar.it\/en\/wp-json\/wp\/v2\/users\/2"}],"replies":[{"embeddable":true,"href":"https:\/\/admirar.it\/en\/wp-json\/wp\/v2\/comments?post=340"}],"version-history":[{"count":32,"href":"https:\/\/admirar.it\/en\/wp-json\/wp\/v2\/pages\/340\/revisions"}],"predecessor-version":[{"id":1197,"href":"https:\/\/admirar.it\/en\/wp-json\/wp\/v2\/pages\/340\/revisions\/1197"}],"wp:featuredmedia":[{"embeddable":true,"href":"https:\/\/admirar.it\/en\/wp-json\/wp\/v2\/media\/510"}],"wp:attachment":[{"href":"https:\/\/admirar.it\/en\/wp-json\/wp\/v2\/media?parent=340"}],"curies":[{"name":"wp","href":"https:\/\/api.w.org\/{rel}","templated":true}]}}